{"id":43,"date":"2023-03-16T15:23:07","date_gmt":"2023-03-16T15:23:07","guid":{"rendered":"https:\/\/familie-taisch.ch\/?page_id=43"},"modified":"2023-05-17T14:58:01","modified_gmt":"2023-05-17T14:58:01","slug":"elementor-43","status":"publish","type":"page","link":"https:\/\/familie-taisch.ch\/?page_id=43","title":{"rendered":"Dirty-Fourty-M\u00f6rlialp"},"content":{"rendered":"\t\t<div data-elementor-type=\"wp-post\" data-elementor-id=\"43\" class=\"elementor elementor-43\">\n\t\t\t\t\t\t<section class=\"elementor-section elementor-top-section elementor-element elementor-element-bb56ab4 elementor-section-boxed elementor-section-height-default elementor-section-height-default\" data-id=\"bb56ab4\" data-element_type=\"section\">\n\t\t\t\t\t\t<div class=\"elementor-container elementor-column-gap-default\">\n\t\t\t\t\t<div class=\"elementor-column elementor-col-100 elementor-top-column elementor-element elementor-element-27c292b\" data-id=\"27c292b\" data-element_type=\"column\">\n\t\t\t<div class=\"elementor-widget-wrap elementor-element-populated\">\n\t\t\t\t\t\t<div class=\"elementor-element elementor-element-e58f1e0 elementor-widget elementor-widget-heading\" data-id=\"e58f1e0\" data-element_type=\"widget\" data-widget_type=\"heading.default\">\n\t\t\t\t<div class=\"elementor-widget-container\">\n\t\t\t\t\t<h2 class=\"elementor-heading-title elementor-size-default\">Familie Taisch<\/h2>\t\t\t\t<\/div>\n\t\t\t\t<\/div>\n\t\t\t\t\t<\/div>\n\t\t<\/div>\n\t\t\t\t\t<\/div>\n\t\t<\/section>\n\t\t\t\t<section class=\"elementor-section elementor-top-section elementor-element elementor-element-ced8738 elementor-section-boxed elementor-section-height-default elementor-section-height-default\" data-id=\"ced8738\" data-element_type=\"section\">\n\t\t\t\t\t\t<div class=\"elementor-container elementor-column-gap-default\">\n\t\t\t\t\t<div class=\"elementor-column elementor-col-100 elementor-top-column elementor-element elementor-element-8000114\" data-id=\"8000114\" data-element_type=\"column\">\n\t\t\t<div class=\"elementor-widget-wrap elementor-element-populated\">\n\t\t\t\t\t\t<div class=\"elementor-element elementor-element-55dc3f1 elementor-widget elementor-widget-heading\" data-id=\"55dc3f1\" data-element_type=\"widget\" data-widget_type=\"heading.default\">\n\t\t\t\t<div class=\"elementor-widget-container\">\n\t\t\t\t\t<h2 class=\"elementor-heading-title elementor-size-small\">Events. News. Informationen.<\/h2>\t\t\t\t<\/div>\n\t\t\t\t<\/div>\n\t\t\t\t\t<\/div>\n\t\t<\/div>\n\t\t\t\t\t<\/div>\n\t\t<\/section>\n\t\t\t\t<section class=\"elementor-section elementor-top-section elementor-element elementor-element-059e59e elementor-section-boxed elementor-section-height-default elementor-section-height-default\" data-id=\"059e59e\" data-element_type=\"section\">\n\t\t\t\t\t\t<div class=\"elementor-container elementor-column-gap-default\">\n\t\t\t\t\t<div class=\"elementor-column elementor-col-100 elementor-top-column elementor-element elementor-element-5bd48de\" data-id=\"5bd48de\" data-element_type=\"column\">\n\t\t\t<div class=\"elementor-widget-wrap elementor-element-populated\">\n\t\t\t\t\t\t<div class=\"elementor-element elementor-element-11ecd95 elementor-widget elementor-widget-text-editor\" data-id=\"11ecd95\" data-element_type=\"widget\" data-widget_type=\"text-editor.default\">\n\t\t\t\t<div class=\"elementor-widget-container\">\n\t\t\t\t\t\t\t\t\t<p><strong><span style=\"color: #ff0000;\">Das Anmeldefenster ist geschlossen. Ich freue mich auf euch!<\/span><\/strong><\/p><p><strong>Wann:<\/strong> 26.05.-28.05.2023<\/p><p><strong>Wo:<\/strong> M\u00f6rlialp Ski-Club-H\u00fctte (M\u00f6rlialp 6, 6074 Giswil)<\/p><p><strong>Anmeldung bis 14.05.:<\/strong> Per e-mail mit Betreff &#8222;Dirty-Fourty-Party&#8220; an rtaisch@gmail.com Bitte teilt mir auch die Anzahl Erwachsenen und Anzahl Kinder mit &#8211; und von &#8222;Wann bis Wann&#8220;\u00a0(welche Nacht, beide N\u00e4chte, nur Samstag etc\u2026) ich mit euch rechnen darf.<\/p><p style=\"text-align: center;\"><strong>Freitag, 26.05.<\/strong><\/p><p><strong>Abends ab 17.00Uhr:<\/strong> Party inkl. Kinder, Pastaplausch<\/p><p style=\"text-align: center;\"><strong>Samstag, 27.05.<\/strong><\/p><p style=\"text-align: left;\"><strong>Morgen:<\/strong> einfaches Fr\u00fchst\u00fcck (Zopf, Konfi, Honig, etc&#8230;)<\/p><p style=\"text-align: left;\"><strong>Tags\u00fcber:<\/strong> Outdoor-Spiele, Party-Warm-Up, Raclette\u00a0<\/p><p><strong>Abend:<\/strong> Official Dirty Fourty Party, Grillbier und Salat<\/p><p style=\"text-align: center;\"><strong>Sonntag, 28.05.<\/strong><\/p><p><strong>Morgen:<\/strong> einfaches Fr\u00fchst\u00fcck (Zopf, Konfi, Honig, etc&#8230;)<\/p><p style=\"text-align: center;\"><strong>Weitere Details zum Fest:<\/strong><\/p><p style=\"text-align: left;\">Am Freitagabend (26.05.2023) sind auch Kinder willkommen. Bitte beachtet, dass auch bereits am Freitag die Lautst\u00e4rke eher h\u00f6her als bei euch zuhause sein wird.\u00a0<\/p><p>Am Samstag wird tags\u00fcber je nach Wetter das eine, oder andere Outdoorspiel durchgef\u00fchrt. Am Abend verabschieden wir uns von den Kindern und den Personen, welche nicht beide N\u00e4chte bleiben wollen. Danach steigt die &#8222;Erwachsenen-Party&#8220; mit Musik aus allen Genres und \u00fcber alle m\u00f6glichen Dekaden.<\/p><p>Die M\u00f6rlialp bietet gen\u00fcgend Schlafpl\u00e4tze &#8211; allerdings handelt es sich um gr\u00f6ssere Zimmer mit bis zu 14 Personen &#8211; bitte beachtet diese Punkte bei der Entscheidung, ob ihr mit Kids anreist, oder ohne. Es hat Duschm\u00f6glichkeiten (mit 1.- St\u00fccken) vor Ort.\u00a0<\/p><p><strong>Mitnehmen:<\/strong> Bitte nehmt einen Schlafsack mit. Ausserdem bitte ich euch, an Stelle eines Geschenkes pro Person 20.- mitzunehmen f\u00fcr die \u00dcbernachtungskosten. F\u00fcr diejenigen, welche unbedingt noch mehr schenken wollen, erlaube ich mir, eine Kasse aufzustellen. \ud83d\ude42\u00a0<\/p><p><strong>Diverses:<\/strong> Es sind gen\u00fcgend Parkpl\u00e4tze vorhanden und: Bei Fragen &#8211; fragen.<\/p><p style=\"text-align: center;\"><strong>ICH FREUE MICH AUF EUCH!<\/strong><\/p>\t\t\t\t\t\t\t\t<\/div>\n\t\t\t\t<\/div>\n\t\t\t\t\t<\/div>\n\t\t<\/div>\n\t\t\t\t\t<\/div>\n\t\t<\/section>\n\t\t\t\t<section class=\"elementor-section elementor-top-section elementor-element elementor-element-b357c1b elementor-section-boxed elementor-section-height-default elementor-section-height-default\" data-id=\"b357c1b\" data-element_type=\"section\">\n\t\t\t\t\t\t<div class=\"elementor-container elementor-column-gap-default\">\n\t\t\t\t\t<div class=\"elementor-column elementor-col-100 elementor-top-column elementor-element elementor-element-cece888\" data-id=\"cece888\" data-element_type=\"column\">\n\t\t\t<div class=\"elementor-widget-wrap elementor-element-populated\">\n\t\t\t\t\t\t<section class=\"elementor-section elementor-inner-section elementor-element elementor-element-22a3514 elementor-section-boxed elementor-section-height-default elementor-section-height-default\" data-id=\"22a3514\" data-element_type=\"section\">\n\t\t\t\t\t\t<div class=\"elementor-container elementor-column-gap-default\">\n\t\t\t\t\t<div class=\"elementor-column elementor-col-50 elementor-inner-column elementor-element elementor-element-d5114f7\" data-id=\"d5114f7\" data-element_type=\"column\">\n\t\t\t<div class=\"elementor-widget-wrap elementor-element-populated\">\n\t\t\t\t\t\t\t<\/div>\n\t\t<\/div>\n\t\t\t\t<div class=\"elementor-column elementor-col-50 elementor-inner-column elementor-element elementor-element-625f479\" data-id=\"625f479\" data-element_type=\"column\">\n\t\t\t<div class=\"elementor-widget-wrap elementor-element-populated\">\n\t\t\t\t\t\t\t<\/div>\n\t\t<\/div>\n\t\t\t\t\t<\/div>\n\t\t<\/section>\n\t\t\t\t\t<\/div>\n\t\t<\/div>\n\t\t\t\t\t<\/div>\n\t\t<\/section>\n\t\t\t\t<section class=\"elementor-section elementor-top-section elementor-element elementor-element-d11a839 elementor-section-boxed elementor-section-height-default elementor-section-height-default\" data-id=\"d11a839\" data-element_type=\"section\">\n\t\t\t\t\t\t<div class=\"elementor-container elementor-column-gap-default\">\n\t\t\t\t\t<div class=\"elementor-column elementor-col-100 elementor-top-column elementor-element elementor-element-8732f75\" data-id=\"8732f75\" data-element_type=\"column\">\n\t\t\t<div class=\"elementor-widget-wrap elementor-element-populated\">\n\t\t\t\t\t\t<div class=\"elementor-element elementor-element-536928a elementor-widget-divider--view-line elementor-widget elementor-widget-divider\" data-id=\"536928a\" data-element_type=\"widget\" data-widget_type=\"divider.default\">\n\t\t\t\t<div class=\"elementor-widget-container\">\n\t\t\t\t\t\t\t<div class=\"elementor-divider\">\n\t\t\t<span class=\"elementor-divider-separator\">\n\t\t\t\t\t\t<\/span>\n\t\t<\/div>\n\t\t\t\t\t\t<\/div>\n\t\t\t\t<\/div>\n\t\t\t\t<div class=\"elementor-element elementor-element-67d1f34 elementor-widget elementor-widget-google_maps\" data-id=\"67d1f34\" data-element_type=\"widget\" data-widget_type=\"google_maps.default\">\n\t\t\t\t<div class=\"elementor-widget-container\">\n\t\t\t\t\t\t\t<div class=\"elementor-custom-embed\">\n\t\t\t<iframe loading=\"lazy\"\n\t\t\t\t\tsrc=\"https:\/\/maps.google.com\/maps?q=m%C3%B6rlialp%206&#038;t=m&#038;z=10&#038;output=embed&#038;iwloc=near\"\n\t\t\t\t\ttitle=\"m\u00f6rlialp 6\"\n\t\t\t\t\taria-label=\"m\u00f6rlialp 6\"\n\t\t\t><\/iframe>\n\t\t<\/div>\n\t\t\t\t\t\t<\/div>\n\t\t\t\t<\/div>\n\t\t\t\t\t<\/div>\n\t\t<\/div>\n\t\t\t\t\t<\/div>\n\t\t<\/section>\n\t\t\t\t<\/div>\n\t\t","protected":false},"excerpt":{"rendered":"<p>Familie Taisch Events. News. Informationen. Das Anmeldefenster ist geschlossen. Ich freue mich auf euch! Wann: 26.05.-28.05.2023 Wo: M\u00f6rlialp Ski-Club-H\u00fctte (M\u00f6rlialp 6, 6074 Giswil) Anmeldung bis 14.05.: Per e-mail mit Betreff &#8222;Dirty-Fourty-Party&#8220; an rtaisch@gmail.com Bitte teilt mir auch die Anzahl Erwachsenen und Anzahl Kinder mit &#8211; und von &#8222;Wann bis Wann&#8220;\u00a0(welche Nacht, beide N\u00e4chte, nur Samstag [&hellip;]<\/p>\n","protected":false},"author":1,"featured_media":0,"parent":0,"menu_order":0,"comment_status":"closed","ping_status":"closed","template":"","meta":{"footnotes":""},"class_list":["post-43","page","type-page","status-publish","hentry"],"_links":{"self":[{"href":"https:\/\/familie-taisch.ch\/index.php?rest_route=\/wp\/v2\/pages\/43","targetHints":{"allow":["GET"]}}],"collection":[{"href":"https:\/\/familie-taisch.ch\/index.php?rest_route=\/wp\/v2\/pages"}],"about":[{"href":"https:\/\/familie-taisch.ch\/index.php?rest_route=\/wp\/v2\/types\/page"}],"author":[{"embeddable":true,"href":"https:\/\/familie-taisch.ch\/index.php?rest_route=\/wp\/v2\/users\/1"}],"replies":[{"embeddable":true,"href":"https:\/\/familie-taisch.ch\/index.php?rest_route=%2Fwp%2Fv2%2Fcomments&post=43"}],"version-history":[{"count":20,"href":"https:\/\/familie-taisch.ch\/index.php?rest_route=\/wp\/v2\/pages\/43\/revisions"}],"predecessor-version":[{"id":94,"href":"https:\/\/familie-taisch.ch\/index.php?rest_route=\/wp\/v2\/pages\/43\/revisions\/94"}],"wp:attachment":[{"href":"https:\/\/familie-taisch.ch\/index.php?rest_route=%2Fwp%2Fv2%2Fmedia&parent=43"}],"curies":[{"name":"wp","href":"https:\/\/api.w.org\/{rel}","templated":true}]}}